{"id":998,"date":"2018-03-21T11:18:20","date_gmt":"2018-03-21T11:18:20","guid":{"rendered":"https:\/\/brixel.radiantthemes.com\/?page_id=998"},"modified":"2023-08-10T13:41:05","modified_gmt":"2023-08-10T13:41:05","slug":"pyetjet-me-te-shpeshta","status":"publish","type":"page","link":"https:\/\/www.daakonn.com\/en\/pyetjet-me-te-shpeshta\/","title":{"rendered":"The most frequently asked questions"},"content":{"rendered":"<div data-vc-full-width=\"true\" data-vc-full-width-init=\"false\" class=\"vc_row wpb_row vc_row-fluid vc_custom_1521444119633 vc_row-has-fill\"><div class=\"wpb_column vc_column_container vc_col-sm-9\"><div class=\"vc_column-inner vc_custom_1521444147546\"><div class=\"wpb_wrapper\"><div class=\"vc_row wpb_row vc_inner vc_row-fluid box-shadow vc_custom_1521801098400 vc_row-has-fill\"><div class=\"wpb_column vc_column_container vc_col-sm-12\"><div class=\"vc_column-inner vc_custom_1521800973272\"><div class=\"wpb_wrapper\"><h2 style=\"font-size: 28px;line-height: 27px;text-align: left\" class=\"vc_custom_heading vc_custom_1662536913840\" >Pyetjet m\u00eb t\u00eb shpeshta rreth kompleksit Baci Towers<\/h2><p style=\"text-align: left\" class=\"vc_custom_heading vc_custom_1662535004924\" >Merr p\u00ebrgjigjie t\u00eb shpejta, p\u00ebr t\u00eb gjitha pyetjet q\u00eb keni rreth nesh.<\/p><div class=\"rt-accordion element-six\"  ><div class=\"rt-accordion-item\"><div class=\"rt-accordion-item-title\"><h4 class=\"panel-title\">A ka filluar shitja n\u00eb kompleksin Baci Towers?<\/h4><div class=\"rt-accordion-item-title-icon\"><div class=\"symbol\"><\/div><\/div><\/div><div class=\"rt-accordion-item-body\">Shitja e banesave t\u00eb kompleksit &#8220;Baci Towers&#8221; fillon n\u00eb fillim t\u00eb vitit 2023.<\/div><\/div><div class=\"rt-accordion-item\"><div class=\"rt-accordion-item-title\"><h4 class=\"panel-title\">Kur ka filluar nd\u00ebrtimi i kompleksit Baci Towers?<\/h4><div class=\"rt-accordion-item-title-icon\"><div class=\"symbol\"><\/div><\/div><\/div><div class=\"rt-accordion-item-body\">N\u00eb mars 2021 DAAKONN Investments ka filluar me punimet e para n\u00eb kompleksin &#8220;Baci Towers&#8221;.<\/div><\/div><div class=\"rt-accordion-item\"><div class=\"rt-accordion-item-title\"><h4 class=\"panel-title\">Kur do t\u00eb p\u00ebrfundon nd\u00ebrtimi i kompleksit Baci Towers?<\/h4><div class=\"rt-accordion-item-title-icon\"><div class=\"symbol\"><\/div><\/div><\/div><div class=\"rt-accordion-item-body\">Nd\u00ebrtimi i kompleksit &#8220;Baci Towers&#8221; do t\u00eb p\u00ebrfundoj n\u00eb qershor t\u00eb vitit 2025.<\/div><\/div><\/div><\/div><\/div><\/div><\/div><div class=\"vc_row wpb_row vc_inner vc_row-fluid vc_custom_1521801108792 vc_row-has-fill\"><div class=\"wpb_column vc_column_container vc_col-sm-12\"><div class=\"vc_column-inner vc_custom_1521800985471\"><div class=\"wpb_wrapper\"><h2 style=\"font-size: 28px;line-height: 27px;text-align: left\" class=\"vc_custom_heading vc_custom_1662537016936\" >Pyetjet m\u00eb t\u00eb shpeshta rreth DAAKONN Investments<\/h2><p style=\"text-align: left\" class=\"vc_custom_heading vc_custom_1662534336709\" >Merr p\u00ebrgjigjie t\u00eb shpejta, p\u00ebr t\u00eb gjitha pyetjet q\u00eb keni rreth nesh.<\/p><div class=\"rt-accordion element-six\"  ><div class=\"rt-accordion-item\"><div class=\"rt-accordion-item-title\"><h4 class=\"panel-title\">Kush \u00ebsht\u00eb themelues i kompanis\u00eb nd\u00ebrtimore familjare DAAKONN Investments?<\/h4><div class=\"rt-accordion-item-title-icon\"><div class=\"symbol\"><\/div><\/div><\/div><div class=\"rt-accordion-item-body\">Themelues i kompanis\u00eb nd\u00ebrtimore familjare DAAKONN Investments \u00ebsht\u00eb z.Nazmi Viqa (Nj\u00ebri prej themeluesve t\u00eb kompanis\u00eb AWR Abbruch me qend\u00ebr n\u00eb Koblenz t\u00eb Gjermanis\u00eb me prejardhje nga Gremja e Ferizajt).<\/div><\/div><div class=\"rt-accordion-item\"><div class=\"rt-accordion-item-title\"><h4 class=\"panel-title\">Cili \u00ebsht\u00eb projekti i par\u00eb q\u00eb do t\u00eb nd\u00ebrtoj DAAKONN?<\/h4><div class=\"rt-accordion-item-title-icon\"><div class=\"symbol\"><\/div><\/div><\/div><div class=\"rt-accordion-item-body\">Baci Towers \u00ebsht\u00eb projekti i par\u00eb q\u00eb do t\u00eb nd\u00ebrtohet n\u00eb Kosov\u00eb nga DAAKONN Investments.<\/div><\/div><\/div><\/div><\/div><\/div><\/div><\/div><\/div><\/div>\t\t\t<!-- rt menu -->\n\t\t\t<div class=\"wpb_column vc_column_container vc_col-sm-3\"><div class=\"vc_column-inner vc_custom_1521444155225\"><div class=\"wpb_wrapper\"><div class=\"rt-menu element-two\"    ><ul id=\"menu-sidebar-about-menu\" class=\"menu rt-mega-menu-transition-default\"><li id=\"menu-item-2688\" class=\"menu-item menu-item-type-post_type menu-item-object-page menu-flyout rt-mega-menu-hover item-2688\"><a  href=\"https:\/\/www.daakonn.com\/en\/?page_id=2631\">Digital Catalogue<\/a><\/li>\n<li id=\"menu-item-1969\" class=\"menu-item menu-item-type-post_type menu-item-object-page menu-flyout rt-mega-menu-hover item-1969\"><a  href=\"https:\/\/www.daakonn.com\/en\/kush-jemi-ne\/\">Who we are?<\/a><\/li>\n<li id=\"menu-item-1972\" class=\"menu-item menu-item-type-post_type menu-item-object-page menu-flyout rt-mega-menu-hover item-1972\"><a  href=\"https:\/\/www.daakonn.com\/en\/historia-jone\/\">Our history<\/a><\/li>\n<li id=\"menu-item-1973\" class=\"menu-item menu-item-type-post_type menu-item-object-page menu-flyout rt-mega-menu-hover item-1973\"><a  href=\"https:\/\/www.daakonn.com\/en\/?page_id=535\">Location<\/a><\/li>\n<li id=\"menu-item-2015\" class=\"menu-item menu-item-type-post_type menu-item-object-page menu-flyout rt-mega-menu-hover item-2015\"><a  href=\"https:\/\/www.daakonn.com\/en\/referencat\/\">References<\/a><\/li>\n<li id=\"menu-item-1974\" class=\"menu-item menu-item-type-post_type menu-item-object-page menu-flyout rt-mega-menu-hover item-1974\"><a  href=\"https:\/\/www.daakonn.com\/en\/pyetjet-me-te-shpeshta\/\">The most frequently asked questions<\/a><\/li>\n<\/ul><\/div>\r<!-- rt menu -->\r<\/div><\/div><\/div><\/div><div class=\"vc_row-full-width vc_clearfix\"><\/div>","protected":false},"excerpt":{"rendered":"Pyetjet m\u00eb t\u00eb shpeshta rreth kompleksit Baci TowersMerr p\u00ebrgjigjie t\u00eb shpejta, p\u00ebr t\u00eb gjitha pyetjet q\u00eb keni rreth nesh.A ka filluar shitja n\u00eb kompleksin Baci Towers?Shitja e banesave t\u00eb kompleksit \"Baci Towers\" fillon n\u00eb fillim t\u00eb vitit 2023.Kur ka filluar nd\u00ebrtimi i kompleksit Baci Towers?N\u00eb mars 2021 DAAKONN Investments ka filluar me punimet e para [...]","protected":false},"author":1,"featured_media":0,"parent":0,"menu_order":0,"comment_status":"closed","ping_status":"closed","template":"","meta":{"footnotes":""},"class_list":["post-998","page","type-page","status-publish","hentry"],"_links":{"self":[{"href":"https:\/\/www.daakonn.com\/en\/wp-json\/wp\/v2\/pages\/998","targetHints":{"allow":["GET"]}}],"collection":[{"href":"https:\/\/www.daakonn.com\/en\/wp-json\/wp\/v2\/pages"}],"about":[{"href":"https:\/\/www.daakonn.com\/en\/wp-json\/wp\/v2\/types\/page"}],"author":[{"embeddable":true,"href":"https:\/\/www.daakonn.com\/en\/wp-json\/wp\/v2\/users\/1"}],"replies":[{"embeddable":true,"href":"https:\/\/www.daakonn.com\/en\/wp-json\/wp\/v2\/comments?post=998"}],"version-history":[{"count":10,"href":"https:\/\/www.daakonn.com\/en\/wp-json\/wp\/v2\/pages\/998\/revisions"}],"predecessor-version":[{"id":7395,"href":"https:\/\/www.daakonn.com\/en\/wp-json\/wp\/v2\/pages\/998\/revisions\/7395"}],"wp:attachment":[{"href":"https:\/\/www.daakonn.com\/en\/wp-json\/wp\/v2\/media?parent=998"}],"curies":[{"name":"wp","href":"https:\/\/api.w.org\/{rel}","templated":true}]}}